{"id":7031,"date":"2024-07-23T03:43:39","date_gmt":"2024-07-23T08:43:39","guid":{"rendered":"https:\/\/marcyyu.com\/?page_id=7031"},"modified":"2024-07-29T05:47:42","modified_gmt":"2024-07-29T10:47:42","slug":"my-wonderful-escapes","status":"publish","type":"page","link":"https:\/\/marcyyu.com\/es\/my-wonderful-escapes\/","title":{"rendered":"My Wonderful Escapes"},"content":{"rendered":"<p>Durante los \u00faltimos meses, he puesto todo mi coraz\u00f3n y alma en un proyecto que est\u00e1<br \/>\nprofundamente arraigado en la forma en que ahora vivo mi vida. Muchos de ustedes saben que<br \/>\ndespu\u00e9s de 8 a\u00f1os en el mundo corporativo, sent\u00ed un vac\u00edo profundo y anhelaba una vida llena de<br \/>\nalegr\u00eda y significado. Este anhelo me llev\u00f3 a crear\u00a0My Wonderful Escapes\u00a0\u2013 una comunidad<br \/>\nsincera donde emprendemos aventuras reales y aut\u00e9nticas juntos.<\/p>\n<p>My Wonderful Escapes trata sobre reimaginar c\u00f3mo experimentamos los viajes, yendo m\u00e1s all\u00e1<br \/>\nde lo superficial para descubrir la verdadera esencia de cada destino. Nuestros retiros y tours<br \/>\nofrecen una oportunidad \u00edntima para que los viajeros exploren lugares que de otra manera ser\u00edan<br \/>\ndif\u00edciles de navegar solos. Nuestros tours todo incluido crean un entorno sin preocupaciones<br \/>\ndonde puedes relajarte, conectarte e impregnarte de la belleza de nuevos destinos con gu\u00edas y<br \/>\nanfitriones locales.<\/p>\n<p>Estoy encantada de anunciar que el pr\u00f3ximo a\u00f1o lanzaremos tours a cuatro destinos<br \/>\nincre\u00edblemente especiales: Egipto, Madagascar, Ruanda y Panam\u00e1. Cada uno de estos lugares<br \/>\ntiene un lugar especial en mi coraz\u00f3n y estoy muy emocionada de compartirlos con ustedes.<br \/>\nNuestros tours incluir\u00e1n todas las experiencias y alojamientos, centr\u00e1ndose en tesoros fuera de lo<br \/>\ncom\u00fan y fomentando conexiones profundas con almas afines. Para hacer que estos viajes<br \/>\ntransformadores sean accesibles para m\u00e1s personas, tambi\u00e9n ofreceremos planes de pago<br \/>\nflexibles.<\/p>\n<p>Unete en esta aventura extraordinaria. Subscribite ahora para que peudas mantenerte al tanto y<br \/>\nser los primeros en conocer nuestros pr\u00f3ximos tours. Vamos a explorar el mundo juntos, creando<br \/>\nrecuerdos que durar\u00e1n toda la vida.<\/p>\n<p><strong>Suscr\u00edbete para recibir actualizaciones<\/strong><br \/>\n\n\t\t\t<form id=\"sib_signup_form_1\" method=\"post\" class=\"sib_signup_form\">\n\t\t\t\t<div class=\"sib_loader\" style=\"display:none;\"><img\n\t\t\t\t\t\t\tsrc=\"https:\/\/marcyyu.com\/wp-includes\/images\/spinner.gif\" alt=\"loader\"><\/div>\n\t\t\t\t<input type=\"hidden\" name=\"sib_form_action\" value=\"subscribe_form_submit\">\n\t\t\t\t<input type=\"hidden\" name=\"sib_form_id\" value=\"1\">\n                <input type=\"hidden\" name=\"sib_form_alert_notice\" value=\"This field is required\">\n                <input type=\"hidden\" name=\"sib_form_invalid_email_notice\" value=\"Your email address is invalid\">\n                <input type=\"hidden\" name=\"sib_security\" value=\"ca143490cb\">\n\t\t\t\t<div class=\"sib_signup_box_inside_1\">\n\t\t\t\t\t<div style=\"\/*display:none*\/\" class=\"sib_msg_disp\">\n\t\t\t\t\t<\/div>\n                    \t\t\t\t\t<p class=\"sib-email-area\">\r\n    Email Address*\r\n    <input type=\"email\" class=\"sib-email-area\" name=\"email\" required=\"required\">\r\n<\/p>\r\n<p class=\"sib-NAME-area\">\r\n    Name\r\n    <input type=\"text\" class=\"sib-NAME-area\" name=\"NAME\">\r\n<\/p>\r\n<p>\r\n    <input type=\"submit\" class=\"sib-default-btn\" value=\"Subscribe\">\r\n<\/p>\r\n\t\t\t\t<\/div>\n\t\t\t<\/form>\n\t\t\t<style>\n\t\t\t\tform#sib_signup_form_1 { padding: 5px; -moz-box-sizing:border-box; -webkit-box-sizing: border-box; box-sizing: border-box; } form#sib_signup_form_1 input[type=text],form#sib_signup_form_1 input[type=email], form#sib_signup_form_1 select { width: 100%; border: 1px solid #bbb; height: auto; margin: 5px 0 0 0; } form#sib_signup_form_1 .sib-default-btn { margin: 5px 0; padding: 6px 12px; color:#fff; background-color: #333; border-color: #2E2E2E; font-size: 14px; font-weight:400; line-height: 1.4285; text-align: center; cursor: pointer; vertical-align: middle; -webkit-user-select:none; -moz-user-select:none; -ms-user-select:none; user-select:none; white-space: normal; border:1px solid transparent; border-radius: 3px; } form#sib_signup_form_1 .sib-default-btn:hover { background-color: #444; } form#sib_signup_form_1 p{ margin: 10px 0 0 0; }form#sib_signup_form_1 p.sib-alert-message {\n    padding: 6px 12px;\n    margin-bottom: 20px;\n    border: 1px solid transparent;\n    border-radius: 4px;\n    -webkit-box-sizing: border-box;\n    -moz-box-sizing: border-box;\n    box-sizing: border-box;\n}\nform#sib_signup_form_1 p.sib-alert-message-error {\n    background-color: #f2dede;\n    border-color: #ebccd1;\n    color: #a94442;\n}\nform#sib_signup_form_1 p.sib-alert-message-success {\n    background-color: #dff0d8;\n    border-color: #d6e9c6;\n    color: #3c763d;\n}\nform#sib_signup_form_1 p.sib-alert-message-warning {\n    background-color: #fcf8e3;\n    border-color: #faebcc;\n    color: #8a6d3b;\n}\n\t\t\t<\/style>\n\t\t\t<\/p>","protected":false},"excerpt":{"rendered":"<p>Durante los \u00faltimos meses, he puesto todo mi coraz\u00f3n y alma en un proyecto que est\u00e1 profundamente arraigado en la forma en que ahora vivo mi vida. Muchos de ustedes saben que despu\u00e9s de 8 a\u00f1os en el mundo corporativo, sent\u00ed un vac\u00edo profundo y anhelaba una vida llena de alegr\u00eda y significado. Este anhelo [&hellip;]<\/p>\n","protected":false},"author":1,"featured_media":0,"parent":0,"menu_order":0,"comment_status":"closed","ping_status":"closed","template":"","meta":{"_acf_changed":false,"footnotes":""},"tags":[],"class_list":["post-7031","page","type-page","status-publish","hentry"],"acf":[],"yoast_head":"<!-- This site is optimized with the Yoast SEO plugin v27.4 - https:\/\/yoast.com\/product\/yoast-seo-wordpress\/ -->\n<title>My Wonderful Escapes - Travel Blog<\/title>\n<meta name=\"robots\" content=\"index, follow, max-snippet:-1, max-image-preview:large, max-video-preview:-1\" \/>\n<link rel=\"canonical\" href=\"https:\/\/marcyyu.com\/my-wonderful-escapes\/\" \/>\n<meta property=\"og:locale\" content=\"es_ES\" \/>\n<meta property=\"og:type\" content=\"article\" \/>\n<meta property=\"og:title\" content=\"My Wonderful Escapes - Travel Blog\" \/>\n<meta property=\"og:description\" content=\"Durante los \u00faltimos meses, he puesto todo mi coraz\u00f3n y alma en un proyecto que est\u00e1 profundamente arraigado en la forma en que ahora vivo mi vida. Muchos de ustedes saben que despu\u00e9s de 8 a\u00f1os en el mundo corporativo, sent\u00ed un vac\u00edo profundo y anhelaba una vida llena de alegr\u00eda y significado. Este anhelo [&hellip;]\" \/>\n<meta property=\"og:url\" content=\"https:\/\/marcyyu.com\/my-wonderful-escapes\/\" \/>\n<meta property=\"og:site_name\" content=\"Travel Blog\" \/>\n<meta property=\"article:modified_time\" content=\"2024-07-29T10:47:42+00:00\" \/>\n<meta name=\"twitter:card\" content=\"summary_large_image\" \/>\n<meta name=\"twitter:label1\" content=\"Tiempo de lectura\" \/>\n\t<meta name=\"twitter:data1\" content=\"3 minutos\" \/>\n<script type=\"application\/ld+json\" class=\"yoast-schema-graph\">{\"@context\":\"https:\\\/\\\/schema.org\",\"@graph\":[{\"@type\":\"WebPage\",\"@id\":\"https:\\\/\\\/marcyyu.com\\\/my-wonderful-escapes\\\/\",\"url\":\"https:\\\/\\\/marcyyu.com\\\/my-wonderful-escapes\\\/\",\"name\":\"My Wonderful Escapes - Travel Blog\",\"isPartOf\":{\"@id\":\"https:\\\/\\\/marcyyu.com\\\/es\\\/#website\"},\"datePublished\":\"2024-07-23T08:43:39+00:00\",\"dateModified\":\"2024-07-29T10:47:42+00:00\",\"breadcrumb\":{\"@id\":\"https:\\\/\\\/marcyyu.com\\\/my-wonderful-escapes\\\/#breadcrumb\"},\"inLanguage\":\"es\",\"potentialAction\":[{\"@type\":\"ReadAction\",\"target\":[\"https:\\\/\\\/marcyyu.com\\\/my-wonderful-escapes\\\/\"]}]},{\"@type\":\"BreadcrumbList\",\"@id\":\"https:\\\/\\\/marcyyu.com\\\/my-wonderful-escapes\\\/#breadcrumb\",\"itemListElement\":[{\"@type\":\"ListItem\",\"position\":1,\"name\":\"Portada\",\"item\":\"https:\\\/\\\/marcyyu.com\\\/es\\\/\"},{\"@type\":\"ListItem\",\"position\":2,\"name\":\"My Wonderful Escapes\"}]},{\"@type\":\"WebSite\",\"@id\":\"https:\\\/\\\/marcyyu.com\\\/es\\\/#website\",\"url\":\"https:\\\/\\\/marcyyu.com\\\/es\\\/\",\"name\":\"Travel Blog\",\"description\":\"Lifestyle and travel blog featuring travel tips, fashion, beauty and photography by Marcy Yu while she discovers the colors around the world.\",\"potentialAction\":[{\"@type\":\"SearchAction\",\"target\":{\"@type\":\"EntryPoint\",\"urlTemplate\":\"https:\\\/\\\/marcyyu.com\\\/es\\\/?s={search_term_string}\"},\"query-input\":{\"@type\":\"PropertyValueSpecification\",\"valueRequired\":true,\"valueName\":\"search_term_string\"}}],\"inLanguage\":\"es\"}]}<\/script>\n<!-- \/ Yoast SEO plugin. -->","yoast_head_json":{"title":"My Wonderful Escapes - Travel Blog","robots":{"index":"index","follow":"follow","max-snippet":"max-snippet:-1","max-image-preview":"max-image-preview:large","max-video-preview":"max-video-preview:-1"},"canonical":"https:\/\/marcyyu.com\/my-wonderful-escapes\/","og_locale":"es_ES","og_type":"article","og_title":"My Wonderful Escapes - Travel Blog","og_description":"Durante los \u00faltimos meses, he puesto todo mi coraz\u00f3n y alma en un proyecto que est\u00e1 profundamente arraigado en la forma en que ahora vivo mi vida. Muchos de ustedes saben que despu\u00e9s de 8 a\u00f1os en el mundo corporativo, sent\u00ed un vac\u00edo profundo y anhelaba una vida llena de alegr\u00eda y significado. Este anhelo [&hellip;]","og_url":"https:\/\/marcyyu.com\/my-wonderful-escapes\/","og_site_name":"Travel Blog","article_modified_time":"2024-07-29T10:47:42+00:00","twitter_card":"summary_large_image","twitter_misc":{"Tiempo de lectura":"3 minutos"},"schema":{"@context":"https:\/\/schema.org","@graph":[{"@type":"WebPage","@id":"https:\/\/marcyyu.com\/my-wonderful-escapes\/","url":"https:\/\/marcyyu.com\/my-wonderful-escapes\/","name":"My Wonderful Escapes - Travel Blog","isPartOf":{"@id":"https:\/\/marcyyu.com\/es\/#website"},"datePublished":"2024-07-23T08:43:39+00:00","dateModified":"2024-07-29T10:47:42+00:00","breadcrumb":{"@id":"https:\/\/marcyyu.com\/my-wonderful-escapes\/#breadcrumb"},"inLanguage":"es","potentialAction":[{"@type":"ReadAction","target":["https:\/\/marcyyu.com\/my-wonderful-escapes\/"]}]},{"@type":"BreadcrumbList","@id":"https:\/\/marcyyu.com\/my-wonderful-escapes\/#breadcrumb","itemListElement":[{"@type":"ListItem","position":1,"name":"Portada","item":"https:\/\/marcyyu.com\/es\/"},{"@type":"ListItem","position":2,"name":"My Wonderful Escapes"}]},{"@type":"WebSite","@id":"https:\/\/marcyyu.com\/es\/#website","url":"https:\/\/marcyyu.com\/es\/","name":"Travel Blog","description":"Lifestyle and travel blog featuring travel tips, fashion, beauty and photography by Marcy Yu while she discovers the colors around the world.","potentialAction":[{"@type":"SearchAction","target":{"@type":"EntryPoint","urlTemplate":"https:\/\/marcyyu.com\/es\/?s={search_term_string}"},"query-input":{"@type":"PropertyValueSpecification","valueRequired":true,"valueName":"search_term_string"}}],"inLanguage":"es"}]}},"_links":{"self":[{"href":"https:\/\/marcyyu.com\/es\/wp-json\/wp\/v2\/pages\/7031","targetHints":{"allow":["GET"]}}],"collection":[{"href":"https:\/\/marcyyu.com\/es\/wp-json\/wp\/v2\/pages"}],"about":[{"href":"https:\/\/marcyyu.com\/es\/wp-json\/wp\/v2\/types\/page"}],"author":[{"embeddable":true,"href":"https:\/\/marcyyu.com\/es\/wp-json\/wp\/v2\/users\/1"}],"replies":[{"embeddable":true,"href":"https:\/\/marcyyu.com\/es\/wp-json\/wp\/v2\/comments?post=7031"}],"version-history":[{"count":4,"href":"https:\/\/marcyyu.com\/es\/wp-json\/wp\/v2\/pages\/7031\/revisions"}],"predecessor-version":[{"id":7038,"href":"https:\/\/marcyyu.com\/es\/wp-json\/wp\/v2\/pages\/7031\/revisions\/7038"}],"wp:attachment":[{"href":"https:\/\/marcyyu.com\/es\/wp-json\/wp\/v2\/media?parent=7031"}],"wp:term":[{"taxonomy":"post_tag","embeddable":true,"href":"https:\/\/marcyyu.com\/es\/wp-json\/wp\/v2\/tags?post=7031"}],"curies":[{"name":"wp","href":"https:\/\/api.w.org\/{rel}","templated":true}]}}