{"id":5446,"date":"2020-09-30T13:31:25","date_gmt":"2020-09-30T18:31:25","guid":{"rendered":"https:\/\/marcyyu.com\/?page_id=5446"},"modified":"2020-10-01T01:32:47","modified_gmt":"2020-10-01T06:32:47","slug":"aboutme","status":"publish","type":"page","link":"https:\/\/marcyyu.com\/es\/aboutme\/","title":{"rendered":"About Me"},"content":{"rendered":"<p><a href=\"https:\/\/marcyyu.com\/wp-content\/uploads\/2020\/05\/marcy-yu.jpg\"><img loading=\"lazy\" decoding=\"async\" class=\"pinit alignnone size-full wp-image-5413\" src=\"https:\/\/marcyyu.com\/wp-content\/uploads\/2020\/05\/marcy-yu.jpg\" alt=\"Marcy Yu\" width=\"848\" height=\"1131\" srcset=\"https:\/\/marcyyu.com\/wp-content\/uploads\/2020\/05\/marcy-yu.jpg 848w, https:\/\/marcyyu.com\/wp-content\/uploads\/2020\/05\/marcy-yu-768x1024.jpg 768w\" sizes=\"auto, (max-width: 848px) 100vw, 848px\" \/><\/a><\/p>\n<p>Hola, bienvenidos a mi blog!<\/p>\n<p>Mi nombre es Marcy Yu, una aventurera, exploradora, story teller, y una amante de las frutas, los perritos y el aguacate.<\/p>\n<p>Nac\u00ed en Costa Rica, pero tambi\u00e9n soy Taiwanesa. Estuve basada en Panama por muchos a\u00f1os donde consegu\u00ed mi trabajo so\u00f1ado dentro de la industria de la moda. Fui la Directora de Mercadeo y Comunicaciones para Ralph Lauren Latino America durante 8 a\u00f1os. \u00a0Despu\u00e9s de una dif\u00edcil decisi\u00f3n decidi\u00f3 dejar mi zona de comfort y dejar mi trabajo so\u00f1ado para perseguir otro sue\u00f1o: convertirme en una viajera de tiempo completo, blogger, creadora de contenido, fot\u00f3grafa y especialista en marketing.<\/p>\n<p>Esta fue una de las mejores decisiones que he tomado en mi vida y no me arrepiento de dejar mi zona de confort. He viajado durante 4 a\u00f1os explorando hermosos destinos, viviendo las mejores experiencias, conociendo personas y culturas incre\u00edbles. Espero que siguiendo mi redes y mi contenido pueda motivarte a tambi\u00e9n seguir tus sue\u00f1os. Para mi viajar ha sido una de las mejores educaciones y la mejor manera de vivir una vida m\u00e1s plena.<\/p>\n<p>Espero que mi contenido te motive a explorar mas de los hermosos colores de nuestro mundo en destinos diferentes a los que usualmente estamos acostumbrados ver.<\/p>\n<p>Recuerde usar #Marcyyu como una forma de compartir mis publicaciones en redes sociales. Espero que disfrutes mucho de mi blog. Ojal\u00e1 nuestros caminos se crucen alg\u00fan d\u00eda cercano en nuestros viajes.<\/p>\n<p>Love,<\/p>\n<p>Marcy<\/p>","protected":false},"excerpt":{"rendered":"<p>Hola, bienvenidos a mi blog! Mi nombre es Marcy Yu, una aventurera, exploradora, story teller, y una amante de las frutas, los perritos y el aguacate. Nac\u00ed en Costa Rica, pero tambi\u00e9n soy Taiwanesa. Estuve basada en Panama por muchos a\u00f1os donde consegu\u00ed mi trabajo so\u00f1ado dentro de la industria de la moda. Fui la [&hellip;]<\/p>\n","protected":false},"author":1,"featured_media":0,"parent":0,"menu_order":0,"comment_status":"closed","ping_status":"closed","template":"","meta":{"_acf_changed":false,"footnotes":""},"tags":[],"class_list":["post-5446","page","type-page","status-publish","hentry"],"acf":[],"yoast_head":"<!-- This site is optimized with the Yoast SEO plugin v27.5 - https:\/\/yoast.com\/product\/yoast-seo-wordpress\/ -->\n<title>About Me - Travel Blog<\/title>\n<meta name=\"description\" content=\"Marcy Yu is a travel writer and content creator showing parts of the world few venture with helpful guides, tips and beautiful photography from around the world. Featured in National Geographic, BBC, Telegraph, Vogue, Cosmopolitan, Ocean Drive and more...\" \/>\n<meta name=\"robots\" content=\"index, follow, max-snippet:-1, max-image-preview:large, max-video-preview:-1\" \/>\n<link rel=\"canonical\" href=\"https:\/\/marcyyu.com\/aboutme\/\" \/>\n<meta property=\"og:locale\" content=\"es_ES\" \/>\n<meta property=\"og:type\" content=\"article\" \/>\n<meta property=\"og:title\" content=\"About Me - Travel Blog\" \/>\n<meta property=\"og:description\" content=\"Marcy Yu is a travel writer and content creator showing parts of the world few venture with helpful guides, tips and beautiful photography from around the world. Featured in National Geographic, BBC, Telegraph, Vogue, Cosmopolitan, Ocean Drive and more...\" \/>\n<meta property=\"og:url\" content=\"https:\/\/marcyyu.com\/aboutme\/\" \/>\n<meta property=\"og:site_name\" content=\"Travel Blog\" \/>\n<meta property=\"article:modified_time\" content=\"2020-10-01T06:32:47+00:00\" \/>\n<meta property=\"og:image\" content=\"https:\/\/marcyyu.com\/wp-content\/uploads\/2020\/05\/marcy-yu.jpg\" \/>\n<meta name=\"twitter:card\" content=\"summary_large_image\" \/>\n<meta name=\"twitter:label1\" content=\"Tiempo de lectura\" \/>\n\t<meta name=\"twitter:data1\" content=\"2 minutos\" \/>\n<script type=\"application\/ld+json\" class=\"yoast-schema-graph\">{\"@context\":\"https:\\\/\\\/schema.org\",\"@graph\":[{\"@type\":\"WebPage\",\"@id\":\"https:\\\/\\\/marcyyu.com\\\/aboutme\\\/\",\"url\":\"https:\\\/\\\/marcyyu.com\\\/aboutme\\\/\",\"name\":\"About Me - Travel Blog\",\"isPartOf\":{\"@id\":\"https:\\\/\\\/marcyyu.com\\\/es\\\/#website\"},\"primaryImageOfPage\":{\"@id\":\"https:\\\/\\\/marcyyu.com\\\/aboutme\\\/#primaryimage\"},\"image\":{\"@id\":\"https:\\\/\\\/marcyyu.com\\\/aboutme\\\/#primaryimage\"},\"thumbnailUrl\":\"https:\\\/\\\/marcyyu.com\\\/wp-content\\\/uploads\\\/2020\\\/05\\\/marcy-yu.jpg\",\"datePublished\":\"2020-09-30T18:31:25+00:00\",\"dateModified\":\"2020-10-01T06:32:47+00:00\",\"description\":\"Marcy Yu is a travel writer and content creator showing parts of the world few venture with helpful guides, tips and beautiful photography from around the world. Featured in National Geographic, BBC, Telegraph, Vogue, Cosmopolitan, Ocean Drive and more...\",\"breadcrumb\":{\"@id\":\"https:\\\/\\\/marcyyu.com\\\/aboutme\\\/#breadcrumb\"},\"inLanguage\":\"es\",\"potentialAction\":[{\"@type\":\"ReadAction\",\"target\":[\"https:\\\/\\\/marcyyu.com\\\/aboutme\\\/\"]}]},{\"@type\":\"ImageObject\",\"inLanguage\":\"es\",\"@id\":\"https:\\\/\\\/marcyyu.com\\\/aboutme\\\/#primaryimage\",\"url\":\"https:\\\/\\\/marcyyu.com\\\/wp-content\\\/uploads\\\/2020\\\/05\\\/marcy-yu.jpg\",\"contentUrl\":\"https:\\\/\\\/marcyyu.com\\\/wp-content\\\/uploads\\\/2020\\\/05\\\/marcy-yu.jpg\"},{\"@type\":\"BreadcrumbList\",\"@id\":\"https:\\\/\\\/marcyyu.com\\\/aboutme\\\/#breadcrumb\",\"itemListElement\":[{\"@type\":\"ListItem\",\"position\":1,\"name\":\"Portada\",\"item\":\"https:\\\/\\\/marcyyu.com\\\/es\\\/\"},{\"@type\":\"ListItem\",\"position\":2,\"name\":\"About Me\"}]},{\"@type\":\"WebSite\",\"@id\":\"https:\\\/\\\/marcyyu.com\\\/es\\\/#website\",\"url\":\"https:\\\/\\\/marcyyu.com\\\/es\\\/\",\"name\":\"Travel Blog\",\"description\":\"Lifestyle and travel blog featuring travel tips, fashion, beauty and photography by Marcy Yu while she discovers the colors around the world.\",\"potentialAction\":[{\"@type\":\"SearchAction\",\"target\":{\"@type\":\"EntryPoint\",\"urlTemplate\":\"https:\\\/\\\/marcyyu.com\\\/es\\\/?s={search_term_string}\"},\"query-input\":{\"@type\":\"PropertyValueSpecification\",\"valueRequired\":true,\"valueName\":\"search_term_string\"}}],\"inLanguage\":\"es\"}]}<\/script>\n<!-- \/ Yoast SEO plugin. -->","yoast_head_json":{"title":"About Me - Travel Blog","description":"Marcy Yu is a travel writer and content creator showing parts of the world few venture with helpful guides, tips and beautiful photography from around the world. Featured in National Geographic, BBC, Telegraph, Vogue, Cosmopolitan, Ocean Drive and more...","robots":{"index":"index","follow":"follow","max-snippet":"max-snippet:-1","max-image-preview":"max-image-preview:large","max-video-preview":"max-video-preview:-1"},"canonical":"https:\/\/marcyyu.com\/aboutme\/","og_locale":"es_ES","og_type":"article","og_title":"About Me - Travel Blog","og_description":"Marcy Yu is a travel writer and content creator showing parts of the world few venture with helpful guides, tips and beautiful photography from around the world. Featured in National Geographic, BBC, Telegraph, Vogue, Cosmopolitan, Ocean Drive and more...","og_url":"https:\/\/marcyyu.com\/aboutme\/","og_site_name":"Travel Blog","article_modified_time":"2020-10-01T06:32:47+00:00","og_image":[{"url":"https:\/\/marcyyu.com\/wp-content\/uploads\/2020\/05\/marcy-yu.jpg","type":"","width":"","height":""}],"twitter_card":"summary_large_image","twitter_misc":{"Tiempo de lectura":"2 minutos"},"schema":{"@context":"https:\/\/schema.org","@graph":[{"@type":"WebPage","@id":"https:\/\/marcyyu.com\/aboutme\/","url":"https:\/\/marcyyu.com\/aboutme\/","name":"About Me - Travel Blog","isPartOf":{"@id":"https:\/\/marcyyu.com\/es\/#website"},"primaryImageOfPage":{"@id":"https:\/\/marcyyu.com\/aboutme\/#primaryimage"},"image":{"@id":"https:\/\/marcyyu.com\/aboutme\/#primaryimage"},"thumbnailUrl":"https:\/\/marcyyu.com\/wp-content\/uploads\/2020\/05\/marcy-yu.jpg","datePublished":"2020-09-30T18:31:25+00:00","dateModified":"2020-10-01T06:32:47+00:00","description":"Marcy Yu is a travel writer and content creator showing parts of the world few venture with helpful guides, tips and beautiful photography from around the world. Featured in National Geographic, BBC, Telegraph, Vogue, Cosmopolitan, Ocean Drive and more...","breadcrumb":{"@id":"https:\/\/marcyyu.com\/aboutme\/#breadcrumb"},"inLanguage":"es","potentialAction":[{"@type":"ReadAction","target":["https:\/\/marcyyu.com\/aboutme\/"]}]},{"@type":"ImageObject","inLanguage":"es","@id":"https:\/\/marcyyu.com\/aboutme\/#primaryimage","url":"https:\/\/marcyyu.com\/wp-content\/uploads\/2020\/05\/marcy-yu.jpg","contentUrl":"https:\/\/marcyyu.com\/wp-content\/uploads\/2020\/05\/marcy-yu.jpg"},{"@type":"BreadcrumbList","@id":"https:\/\/marcyyu.com\/aboutme\/#breadcrumb","itemListElement":[{"@type":"ListItem","position":1,"name":"Portada","item":"https:\/\/marcyyu.com\/es\/"},{"@type":"ListItem","position":2,"name":"About Me"}]},{"@type":"WebSite","@id":"https:\/\/marcyyu.com\/es\/#website","url":"https:\/\/marcyyu.com\/es\/","name":"Travel Blog","description":"Lifestyle and travel blog featuring travel tips, fashion, beauty and photography by Marcy Yu while she discovers the colors around the world.","potentialAction":[{"@type":"SearchAction","target":{"@type":"EntryPoint","urlTemplate":"https:\/\/marcyyu.com\/es\/?s={search_term_string}"},"query-input":{"@type":"PropertyValueSpecification","valueRequired":true,"valueName":"search_term_string"}}],"inLanguage":"es"}]}},"_links":{"self":[{"href":"https:\/\/marcyyu.com\/es\/wp-json\/wp\/v2\/pages\/5446","targetHints":{"allow":["GET"]}}],"collection":[{"href":"https:\/\/marcyyu.com\/es\/wp-json\/wp\/v2\/pages"}],"about":[{"href":"https:\/\/marcyyu.com\/es\/wp-json\/wp\/v2\/types\/page"}],"author":[{"embeddable":true,"href":"https:\/\/marcyyu.com\/es\/wp-json\/wp\/v2\/users\/1"}],"replies":[{"embeddable":true,"href":"https:\/\/marcyyu.com\/es\/wp-json\/wp\/v2\/comments?post=5446"}],"version-history":[{"count":2,"href":"https:\/\/marcyyu.com\/es\/wp-json\/wp\/v2\/pages\/5446\/revisions"}],"predecessor-version":[{"id":5448,"href":"https:\/\/marcyyu.com\/es\/wp-json\/wp\/v2\/pages\/5446\/revisions\/5448"}],"wp:attachment":[{"href":"https:\/\/marcyyu.com\/es\/wp-json\/wp\/v2\/media?parent=5446"}],"wp:term":[{"taxonomy":"post_tag","embeddable":true,"href":"https:\/\/marcyyu.com\/es\/wp-json\/wp\/v2\/tags?post=5446"}],"curies":[{"name":"wp","href":"https:\/\/api.w.org\/{rel}","templated":true}]}}